{"id":19,"date":"2020-05-29T09:01:33","date_gmt":"2020-05-29T09:01:33","guid":{"rendered":"http:\/\/allerart.eu\/?page_id=19"},"modified":"2022-05-28T11:05:49","modified_gmt":"2022-05-28T11:05:49","slug":"aller-art","status":"publish","type":"page","link":"https:\/\/allerart.eu\/","title":{"rendered":"Hier kannst Du mein M\u00e4rchen- und Gedichtbuch in K\u00fcrze kaufen"},"content":{"rendered":"\n<p class=\"has-text-align-center\"><strong>M\u00e4rchenhaftes und Allerlei <\/strong><\/p>\n\n\n\n<p class=\"has-text-align-center\"><strong>ich schreibe und illustriere Ihnen nach Ihren Vorgaben Ihr eigenes M\u00e4rchen oder Gedicht<\/strong><\/p>\n\n\n\n<div class=\"wp-block-image\"><figure class=\"aligncenter size-full is-resized\"><img decoding=\"async\" loading=\"lazy\" src=\"http:\/\/allerart.eu\/wp-content\/uploads\/2020\/05\/cropped-Inhaltsverzeichnis-Kopie.jpg\" alt=\"\" class=\"wp-image-29\" width=\"267\" height=\"197\"\/><\/figure><\/div>\n\n\n\n<pre class=\"wp-block-preformatted has-text-color\" style=\"color:#a30b31\"><strong><em>\"Von seinen Eltern lernt man lieben, lachen, und laufen. Doch erst wenn man mit B\u00fcchern in Ber\u00fchrung kommt, entdeckt man, dass man Fl\u00fcgel hat.\"  <\/em><\/strong>\n<strong>Zitat von  Helen Hayes <\/strong><\/pre>\n\n\n\n<h4 class=\"has-text-align-left has-text-color\" id=\"mark-twain-sprueche-und-weisheiten\" style=\"color:#634903\"><em>&#8222;Der beste Weg, sich selbst eine Freude zu machen, ist: zu versuchen, einem andern eine Freude zu bereiten.&#8220;<\/em>  <br><strong>Zitat von Mark Twain<\/strong><\/h4>\n\n\n\n<p><\/p>\n","protected":false},"excerpt":{"rendered":"<p>M\u00e4rchenhaftes und Allerlei ich schreibe und illustriere Ihnen nach Ihren Vorgaben Ihr eigenes M\u00e4rchen oder Gedicht &#8222;Von seinen Eltern lernt man lieben, lachen, und laufen. Doch erst wenn man mit B\u00fcchern in Ber\u00fchrung kommt, entdeckt man, dass man Fl\u00fcgel hat.&#8220; Zitat von Helen Hayes &#8222;Der beste Weg, sich selbst eine [&hellip;]<\/p>\n","protected":false},"author":1,"featured_media":0,"parent":0,"menu_order":0,"comment_status":"closed","ping_status":"closed","template":"","meta":[],"_links":{"self":[{"href":"https:\/\/allerart.eu\/index.php?rest_route=\/wp\/v2\/pages\/19"}],"collection":[{"href":"https:\/\/allerart.eu\/index.php?rest_route=\/wp\/v2\/pages"}],"about":[{"href":"https:\/\/allerart.eu\/index.php?rest_route=\/wp\/v2\/types\/page"}],"author":[{"embeddable":true,"href":"https:\/\/allerart.eu\/index.php?rest_route=\/wp\/v2\/users\/1"}],"replies":[{"embeddable":true,"href":"https:\/\/allerart.eu\/index.php?rest_route=%2Fwp%2Fv2%2Fcomments&post=19"}],"version-history":[{"count":17,"href":"https:\/\/allerart.eu\/index.php?rest_route=\/wp\/v2\/pages\/19\/revisions"}],"predecessor-version":[{"id":114,"href":"https:\/\/allerart.eu\/index.php?rest_route=\/wp\/v2\/pages\/19\/revisions\/114"}],"wp:attachment":[{"href":"https:\/\/allerart.eu\/index.php?rest_route=%2Fwp%2Fv2%2Fmedia&parent=19"}],"curies":[{"name":"wp","href":"https:\/\/api.w.org\/{rel}","templated":true}]}}